{"id":121,"date":"2024-03-27T11:38:58","date_gmt":"2024-03-27T08:38:58","guid":{"rendered":"https:\/\/fenikskargo.com\/?page_id=121"},"modified":"2025-08-06T14:30:56","modified_gmt":"2025-08-06T11:30:56","slug":"hakkimizda","status":"publish","type":"page","link":"http:\/\/www.fenikskargo.com\/index.php\/hakkimizda\/","title":{"rendered":"Hakk\u0131m\u0131zda"},"content":{"rendered":"\n<p>2000 y\u0131l\u0131nda ta\u015f\u0131mac\u0131l\u0131k sekt\u00f6r\u00fcne Express Motor  Kurye H\u0131zl\u0131 Kurye  teslimat\u0131 hizmetiyle giri\u015f yapan, sonras\u0131nda  Kap\u0131da \u00d6demeli Kargo, Tahsilatl\u0131 Kargo  ta\u015f\u0131mac\u0131l\u0131\u011f\u0131 hizmetleriyle k\u0131sa s\u00fcrede ismini duyuran bir firma olarak;\u00a0<strong>g\u00fcvenli<\/strong>,\u00a0<strong>h\u0131zl\u0131<\/strong>,\u00a0<strong>\u00e7\u00f6z\u00fcmleyici<\/strong>\u00a0ve\u00a0<strong>yenilik\u00e7i<\/strong>\u00a0hizmet anlay\u0131\u015f\u0131m\u0131z\u0131\u00a0<strong>FEN\u0130KS KARGO<\/strong> olarak bug\u00fcn de korumaktay\u0131z.<img loading=\"lazy\" decoding=\"async\" width=\"850\" height=\"607\" class=\"wp-image-127\" style=\"width: 850px;\" src=\"http:\/\/fenikskargo.com\/wp-content\/uploads\/2024\/03\/feniks-kargo.jpg\" alt=\"\" srcset=\"http:\/\/www.fenikskargo.com\/wp-content\/uploads\/2024\/03\/feniks-kargo.jpg 612w, http:\/\/www.fenikskargo.com\/wp-content\/uploads\/2024\/03\/feniks-kargo-300x214.jpg 300w\" sizes=\"auto, (max-width: 850px) 100vw, 850px\" \/><\/p>\n","protected":false},"excerpt":{"rendered":"<p>2000 y\u0131l\u0131nda ta\u015f\u0131mac\u0131l\u0131k sekt\u00f6r\u00fcne Express Motor Kurye H\u0131zl\u0131 Kurye teslimat\u0131 hizmetiyle giri\u015f yapan, sonras\u0131nda Kap\u0131da \u00d6demeli Kargo, Tahsilatl\u0131 Kargo ta\u015f\u0131mac\u0131l\u0131\u011f\u0131 hizmetleriyle k\u0131sa s\u00fcrede ismini duyuran bir firma olarak;\u00a0g\u00fcvenli,\u00a0h\u0131zl\u0131,\u00a0\u00e7\u00f6z\u00fcmleyici\u00a0ve\u00a0yenilik\u00e7i\u00a0hizmet anlay\u0131\u015f\u0131m\u0131z\u0131\u00a0FEN\u0130KS KARGO olarak bug\u00fcn de korumaktay\u0131z.<\/p>\n","protected":false},"author":1,"featured_media":0,"parent":0,"menu_order":0,"comment_status":"closed","ping_status":"closed","template":"","meta":{"footnotes":""},"class_list":["post-121","page","type-page","status-publish","hentry"],"yoast_head":"<!-- This site is optimized with the Yoast SEO plugin v22.3 - https:\/\/yoast.com\/wordpress\/plugins\/seo\/ -->\n<title>Arac\u0131 Kargo Firmas\u0131<\/title>\n<meta name=\"description\" content=\"2000 y\u0131l\u0131nda ta\u015f\u0131mac\u0131l\u0131k sekt\u00f6r\u00fcne Express Motor Kurye H\u0131zl\u0131 Kurye teslimat\u0131 hizmetiyle giri\u015f yapan, sonras\u0131nda Kap\u0131da \u00d6demeli Kargo, Tahsilatl\u0131 Kargo ta\u015f\u0131mac\u0131l\u0131\u011f\u0131 hizmetleriyle k\u0131sa s\u00fcrede ismini duyuran bir firma olarak;\u00a0g\u00fcvenli,\u00a0h\u0131zl\u0131,\u00a0\u00e7\u00f6z\u00fcmleyici\u00a0ve\u00a0yenilik\u00e7i\u00a0hizmet anlay\u0131\u015f\u0131m\u0131z\u0131\u00a0FEN\u0130KS KARGO olarak bug\u00fcn de korumaktay\u0131z.\" \/>\n<meta name=\"robots\" content=\"index, follow, max-snippet:-1, max-image-preview:large, max-video-preview:-1\" \/>\n<link rel=\"canonical\" href=\"http:\/\/www.fenikskargo.com\/index.php\/hakkimizda\/\" \/>\n<meta property=\"og:locale\" content=\"tr_TR\" \/>\n<meta property=\"og:type\" content=\"article\" \/>\n<meta property=\"og:title\" content=\"Arac\u0131 Kargo Firmas\u0131\" \/>\n<meta property=\"og:description\" content=\"2000 y\u0131l\u0131nda ta\u015f\u0131mac\u0131l\u0131k sekt\u00f6r\u00fcne Express Motor Kurye H\u0131zl\u0131 Kurye teslimat\u0131 hizmetiyle giri\u015f yapan, sonras\u0131nda Kap\u0131da \u00d6demeli Kargo, Tahsilatl\u0131 Kargo ta\u015f\u0131mac\u0131l\u0131\u011f\u0131 hizmetleriyle k\u0131sa s\u00fcrede ismini duyuran bir firma olarak;\u00a0g\u00fcvenli,\u00a0h\u0131zl\u0131,\u00a0\u00e7\u00f6z\u00fcmleyici\u00a0ve\u00a0yenilik\u00e7i\u00a0hizmet anlay\u0131\u015f\u0131m\u0131z\u0131\u00a0FEN\u0130KS KARGO olarak bug\u00fcn de korumaktay\u0131z.\" \/>\n<meta property=\"og:url\" content=\"http:\/\/www.fenikskargo.com\/index.php\/hakkimizda\/\" \/>\n<meta property=\"og:site_name\" content=\"FEN\u0130KS KARGO\" \/>\n<meta property=\"article:modified_time\" content=\"2025-08-06T11:30:56+00:00\" \/>\n<meta property=\"og:image\" content=\"http:\/\/fenikskargo.com\/wp-content\/uploads\/2024\/03\/feniks-kargo.jpg\" \/>\n<meta name=\"twitter:card\" content=\"summary_large_image\" \/>\n<meta name=\"twitter:label1\" content=\"Tahmini okuma s\u00fcresi\" \/>\n\t<meta name=\"twitter:data1\" content=\"1 dakika\" \/>\n<script type=\"application\/ld+json\" class=\"yoast-schema-graph\">{\"@context\":\"https:\/\/schema.org\",\"@graph\":[{\"@type\":\"WebPage\",\"@id\":\"http:\/\/www.fenikskargo.com\/index.php\/hakkimizda\/\",\"url\":\"http:\/\/www.fenikskargo.com\/index.php\/hakkimizda\/\",\"name\":\"Arac\u0131 Kargo Firmas\u0131\",\"isPartOf\":{\"@id\":\"https:\/\/www.fenikskargo.com\/#website\"},\"primaryImageOfPage\":{\"@id\":\"http:\/\/www.fenikskargo.com\/index.php\/hakkimizda\/#primaryimage\"},\"image\":{\"@id\":\"http:\/\/www.fenikskargo.com\/index.php\/hakkimizda\/#primaryimage\"},\"thumbnailUrl\":\"http:\/\/fenikskargo.com\/wp-content\/uploads\/2024\/03\/feniks-kargo.jpg\",\"datePublished\":\"2024-03-27T08:38:58+00:00\",\"dateModified\":\"2025-08-06T11:30:56+00:00\",\"description\":\"2000 y\u0131l\u0131nda ta\u015f\u0131mac\u0131l\u0131k sekt\u00f6r\u00fcne Express Motor Kurye H\u0131zl\u0131 Kurye teslimat\u0131 hizmetiyle giri\u015f yapan, sonras\u0131nda Kap\u0131da \u00d6demeli Kargo, Tahsilatl\u0131 Kargo ta\u015f\u0131mac\u0131l\u0131\u011f\u0131 hizmetleriyle k\u0131sa s\u00fcrede ismini duyuran bir firma olarak;\u00a0g\u00fcvenli,\u00a0h\u0131zl\u0131,\u00a0\u00e7\u00f6z\u00fcmleyici\u00a0ve\u00a0yenilik\u00e7i\u00a0hizmet anlay\u0131\u015f\u0131m\u0131z\u0131\u00a0FEN\u0130KS KARGO olarak bug\u00fcn de korumaktay\u0131z.\",\"breadcrumb\":{\"@id\":\"http:\/\/www.fenikskargo.com\/index.php\/hakkimizda\/#breadcrumb\"},\"inLanguage\":\"tr\",\"potentialAction\":[{\"@type\":\"ReadAction\",\"target\":[\"http:\/\/www.fenikskargo.com\/index.php\/hakkimizda\/\"]}]},{\"@type\":\"ImageObject\",\"inLanguage\":\"tr\",\"@id\":\"http:\/\/www.fenikskargo.com\/index.php\/hakkimizda\/#primaryimage\",\"url\":\"http:\/\/www.fenikskargo.com\/wp-content\/uploads\/2024\/03\/feniks-kargo.jpg\",\"contentUrl\":\"http:\/\/www.fenikskargo.com\/wp-content\/uploads\/2024\/03\/feniks-kargo.jpg\",\"width\":612,\"height\":437,\"caption\":\"fenikskargo-kapidaodeme\"},{\"@type\":\"BreadcrumbList\",\"@id\":\"http:\/\/www.fenikskargo.com\/index.php\/hakkimizda\/#breadcrumb\",\"itemListElement\":[{\"@type\":\"ListItem\",\"position\":1,\"name\":\"Anasayfa\",\"item\":\"https:\/\/www.fenikskargo.com\/\"},{\"@type\":\"ListItem\",\"position\":2,\"name\":\"Hakk\u0131m\u0131zda\"}]},{\"@type\":\"WebSite\",\"@id\":\"https:\/\/www.fenikskargo.com\/#website\",\"url\":\"https:\/\/www.fenikskargo.com\/\",\"name\":\"FEN\u0130KS KARGO\",\"description\":\"| Arac\u0131 Kargo \u015eirketi  : WhatsApp | (0540) 308 20 00 |\",\"publisher\":{\"@id\":\"https:\/\/www.fenikskargo.com\/#organization\"},\"alternateName\":\"https:\/\/www.fenikskargo.com\/\",\"potentialAction\":[{\"@type\":\"SearchAction\",\"target\":{\"@type\":\"EntryPoint\",\"urlTemplate\":\"https:\/\/www.fenikskargo.com\/?s={search_term_string}\"},\"query-input\":\"required name=search_term_string\"}],\"inLanguage\":\"tr\"},{\"@type\":\"Organization\",\"@id\":\"https:\/\/www.fenikskargo.com\/#organization\",\"name\":\"Feniks Kargo\",\"alternateName\":\"Feniks Arac\u0131 Kargo\",\"url\":\"https:\/\/www.fenikskargo.com\/\",\"logo\":{\"@type\":\"ImageObject\",\"inLanguage\":\"tr\",\"@id\":\"https:\/\/www.fenikskargo.com\/#\/schema\/logo\/image\/\",\"url\":\"http:\/\/www.fenikskargo.com\/wp-content\/uploads\/2024\/03\/Ve37pUqR_400x400.jpg\",\"contentUrl\":\"http:\/\/www.fenikskargo.com\/wp-content\/uploads\/2024\/03\/Ve37pUqR_400x400.jpg\",\"width\":130,\"height\":130,\"caption\":\"Feniks Kargo\"},\"image\":{\"@id\":\"https:\/\/www.fenikskargo.com\/#\/schema\/logo\/image\/\"}}]}<\/script>\n<!-- \/ Yoast SEO plugin. -->","yoast_head_json":{"title":"Arac\u0131 Kargo Firmas\u0131","description":"2000 y\u0131l\u0131nda ta\u015f\u0131mac\u0131l\u0131k sekt\u00f6r\u00fcne Express Motor Kurye H\u0131zl\u0131 Kurye teslimat\u0131 hizmetiyle giri\u015f yapan, sonras\u0131nda Kap\u0131da \u00d6demeli Kargo, Tahsilatl\u0131 Kargo ta\u015f\u0131mac\u0131l\u0131\u011f\u0131 hizmetleriyle k\u0131sa s\u00fcrede ismini duyuran bir firma olarak;\u00a0g\u00fcvenli,\u00a0h\u0131zl\u0131,\u00a0\u00e7\u00f6z\u00fcmleyici\u00a0ve\u00a0yenilik\u00e7i\u00a0hizmet anlay\u0131\u015f\u0131m\u0131z\u0131\u00a0FEN\u0130KS KARGO olarak bug\u00fcn de korumaktay\u0131z.","robots":{"index":"index","follow":"follow","max-snippet":"max-snippet:-1","max-image-preview":"max-image-preview:large","max-video-preview":"max-video-preview:-1"},"canonical":"http:\/\/www.fenikskargo.com\/index.php\/hakkimizda\/","og_locale":"tr_TR","og_type":"article","og_title":"Arac\u0131 Kargo Firmas\u0131","og_description":"2000 y\u0131l\u0131nda ta\u015f\u0131mac\u0131l\u0131k sekt\u00f6r\u00fcne Express Motor Kurye H\u0131zl\u0131 Kurye teslimat\u0131 hizmetiyle giri\u015f yapan, sonras\u0131nda Kap\u0131da \u00d6demeli Kargo, Tahsilatl\u0131 Kargo ta\u015f\u0131mac\u0131l\u0131\u011f\u0131 hizmetleriyle k\u0131sa s\u00fcrede ismini duyuran bir firma olarak;\u00a0g\u00fcvenli,\u00a0h\u0131zl\u0131,\u00a0\u00e7\u00f6z\u00fcmleyici\u00a0ve\u00a0yenilik\u00e7i\u00a0hizmet anlay\u0131\u015f\u0131m\u0131z\u0131\u00a0FEN\u0130KS KARGO olarak bug\u00fcn de korumaktay\u0131z.","og_url":"http:\/\/www.fenikskargo.com\/index.php\/hakkimizda\/","og_site_name":"FEN\u0130KS KARGO","article_modified_time":"2025-08-06T11:30:56+00:00","og_image":[{"url":"http:\/\/fenikskargo.com\/wp-content\/uploads\/2024\/03\/feniks-kargo.jpg"}],"twitter_card":"summary_large_image","twitter_misc":{"Tahmini okuma s\u00fcresi":"1 dakika"},"schema":{"@context":"https:\/\/schema.org","@graph":[{"@type":"WebPage","@id":"http:\/\/www.fenikskargo.com\/index.php\/hakkimizda\/","url":"http:\/\/www.fenikskargo.com\/index.php\/hakkimizda\/","name":"Arac\u0131 Kargo Firmas\u0131","isPartOf":{"@id":"https:\/\/www.fenikskargo.com\/#website"},"primaryImageOfPage":{"@id":"http:\/\/www.fenikskargo.com\/index.php\/hakkimizda\/#primaryimage"},"image":{"@id":"http:\/\/www.fenikskargo.com\/index.php\/hakkimizda\/#primaryimage"},"thumbnailUrl":"http:\/\/fenikskargo.com\/wp-content\/uploads\/2024\/03\/feniks-kargo.jpg","datePublished":"2024-03-27T08:38:58+00:00","dateModified":"2025-08-06T11:30:56+00:00","description":"2000 y\u0131l\u0131nda ta\u015f\u0131mac\u0131l\u0131k sekt\u00f6r\u00fcne Express Motor Kurye H\u0131zl\u0131 Kurye teslimat\u0131 hizmetiyle giri\u015f yapan, sonras\u0131nda Kap\u0131da \u00d6demeli Kargo, Tahsilatl\u0131 Kargo ta\u015f\u0131mac\u0131l\u0131\u011f\u0131 hizmetleriyle k\u0131sa s\u00fcrede ismini duyuran bir firma olarak;\u00a0g\u00fcvenli,\u00a0h\u0131zl\u0131,\u00a0\u00e7\u00f6z\u00fcmleyici\u00a0ve\u00a0yenilik\u00e7i\u00a0hizmet anlay\u0131\u015f\u0131m\u0131z\u0131\u00a0FEN\u0130KS KARGO olarak bug\u00fcn de korumaktay\u0131z.","breadcrumb":{"@id":"http:\/\/www.fenikskargo.com\/index.php\/hakkimizda\/#breadcrumb"},"inLanguage":"tr","potentialAction":[{"@type":"ReadAction","target":["http:\/\/www.fenikskargo.com\/index.php\/hakkimizda\/"]}]},{"@type":"ImageObject","inLanguage":"tr","@id":"http:\/\/www.fenikskargo.com\/index.php\/hakkimizda\/#primaryimage","url":"http:\/\/www.fenikskargo.com\/wp-content\/uploads\/2024\/03\/feniks-kargo.jpg","contentUrl":"http:\/\/www.fenikskargo.com\/wp-content\/uploads\/2024\/03\/feniks-kargo.jpg","width":612,"height":437,"caption":"fenikskargo-kapidaodeme"},{"@type":"BreadcrumbList","@id":"http:\/\/www.fenikskargo.com\/index.php\/hakkimizda\/#breadcrumb","itemListElement":[{"@type":"ListItem","position":1,"name":"Anasayfa","item":"https:\/\/www.fenikskargo.com\/"},{"@type":"ListItem","position":2,"name":"Hakk\u0131m\u0131zda"}]},{"@type":"WebSite","@id":"https:\/\/www.fenikskargo.com\/#website","url":"https:\/\/www.fenikskargo.com\/","name":"FEN\u0130KS KARGO","description":"| Arac\u0131 Kargo \u015eirketi  : WhatsApp | (0540) 308 20 00 |","publisher":{"@id":"https:\/\/www.fenikskargo.com\/#organization"},"alternateName":"https:\/\/www.fenikskargo.com\/","potentialAction":[{"@type":"SearchAction","target":{"@type":"EntryPoint","urlTemplate":"https:\/\/www.fenikskargo.com\/?s={search_term_string}"},"query-input":"required name=search_term_string"}],"inLanguage":"tr"},{"@type":"Organization","@id":"https:\/\/www.fenikskargo.com\/#organization","name":"Feniks Kargo","alternateName":"Feniks Arac\u0131 Kargo","url":"https:\/\/www.fenikskargo.com\/","logo":{"@type":"ImageObject","inLanguage":"tr","@id":"https:\/\/www.fenikskargo.com\/#\/schema\/logo\/image\/","url":"http:\/\/www.fenikskargo.com\/wp-content\/uploads\/2024\/03\/Ve37pUqR_400x400.jpg","contentUrl":"http:\/\/www.fenikskargo.com\/wp-content\/uploads\/2024\/03\/Ve37pUqR_400x400.jpg","width":130,"height":130,"caption":"Feniks Kargo"},"image":{"@id":"https:\/\/www.fenikskargo.com\/#\/schema\/logo\/image\/"}}]}},"_links":{"self":[{"href":"http:\/\/www.fenikskargo.com\/index.php\/wp-json\/wp\/v2\/pages\/121","targetHints":{"allow":["GET"]}}],"collection":[{"href":"http:\/\/www.fenikskargo.com\/index.php\/wp-json\/wp\/v2\/pages"}],"about":[{"href":"http:\/\/www.fenikskargo.com\/index.php\/wp-json\/wp\/v2\/types\/page"}],"author":[{"embeddable":true,"href":"http:\/\/www.fenikskargo.com\/index.php\/wp-json\/wp\/v2\/users\/1"}],"replies":[{"embeddable":true,"href":"http:\/\/www.fenikskargo.com\/index.php\/wp-json\/wp\/v2\/comments?post=121"}],"version-history":[{"count":2,"href":"http:\/\/www.fenikskargo.com\/index.php\/wp-json\/wp\/v2\/pages\/121\/revisions"}],"predecessor-version":[{"id":128,"href":"http:\/\/www.fenikskargo.com\/index.php\/wp-json\/wp\/v2\/pages\/121\/revisions\/128"}],"wp:attachment":[{"href":"http:\/\/www.fenikskargo.com\/index.php\/wp-json\/wp\/v2\/media?parent=121"}],"curies":[{"name":"wp","href":"https:\/\/api.w.org\/{rel}","templated":true}]}}