{"id":137,"date":"2024-03-27T12:02:26","date_gmt":"2024-03-27T09:02:26","guid":{"rendered":"https:\/\/fenikskargo.com\/?page_id=137"},"modified":"2025-05-18T20:06:50","modified_gmt":"2025-05-18T17:06:50","slug":"calisma-sartlari","status":"publish","type":"page","link":"http:\/\/www.fenikskargo.com\/index.php\/calisma-sartlari\/","title":{"rendered":"M\u00fc\u015fterimiz Olun"},"content":{"rendered":"\n<p><img loading=\"lazy\" decoding=\"async\" width=\"850\" height=\"567\" class=\"wp-image-138\" style=\"width: 850px;\" src=\"http:\/\/fenikskargo.com\/wp-content\/uploads\/2024\/03\/fenikskargo-anlasmasi.jpg\" alt=\"\" srcset=\"http:\/\/www.fenikskargo.com\/wp-content\/uploads\/2024\/03\/fenikskargo-anlasmasi.jpg 612w, http:\/\/www.fenikskargo.com\/wp-content\/uploads\/2024\/03\/fenikskargo-anlasmasi-300x200.jpg 300w\" sizes=\"auto, (max-width: 850px) 100vw, 850px\" \/><\/p>\n\n\n\n<p>Feniks Kargo olarak 81 ile Kap\u0131da \u00f6demeli ,Tahsilatl\u0131 Kargo hizmeti veren \u015firketimiz i\u00e7in \u00c7al\u0131\u015fma \u015eartlar\u0131: <\/p>\n\n\n\n<p>G\u00fcnl\u00fck D\u00fczenli olarak Kap\u0131da \u00f6demeli Kargo \u00e7\u0131k\u0131\u015f\u0131 olmas\u0131<\/p>\n\n\n\n<p>Ayl\u0131k en az 100 ve \u00fczeri Kap\u0131da \u00f6demeli Kargo \u00e7\u0131k\u0131\u015f\u0131 olmas\u0131<\/p>\n\n\n\n<p>Kap\u0131da \u00f6demeli Kargolar\u0131n \u00c7\u0131k\u0131\u015f yeri \u0130STANBUL olmas\u0131<\/p>\n\n\n\n<p>Gri Kargo g\u00f6ndermemeleri &#8221; yani Reklamda g\u00f6sterilen ile giden kargonun ayn\u0131 olmas\u0131&#8221;<\/p>\n\n\n\n<p>S\u00f6zle\u015fme yapma ( Kimlik ,\u0130ban ,Adres ikametkah detay\u0131 )<\/p>\n\n\n\n<p>Detayl\u0131 bilgi i\u00e7in Feniks Kargo ileti\u015fim Numaram\u0131z : \u260e\ufe0f0540 308 2000<\/p>\n","protected":false},"excerpt":{"rendered":"<p>Feniks Kargo olarak 81 ile Kap\u0131da \u00f6demeli ,Tahsilatl\u0131 Kargo hizmeti veren \u015firketimiz i\u00e7in \u00c7al\u0131\u015fma \u015eartlar\u0131: G\u00fcnl\u00fck D\u00fczenli olarak Kap\u0131da \u00f6demeli Kargo \u00e7\u0131k\u0131\u015f\u0131 olmas\u0131 Ayl\u0131k en az 100 ve \u00fczeri Kap\u0131da \u00f6demeli Kargo \u00e7\u0131k\u0131\u015f\u0131 olmas\u0131 Kap\u0131da \u00f6demeli Kargolar\u0131n \u00c7\u0131k\u0131\u015f yeri \u0130STANBUL olmas\u0131 Gri Kargo g\u00f6ndermemeleri &#8221; yani Reklamda g\u00f6sterilen ile giden kargonun ayn\u0131 olmas\u0131&#8221; S\u00f6zle\u015fme yapma&hellip; <br \/> <a class=\"read-more\" href=\"http:\/\/www.fenikskargo.com\/index.php\/calisma-sartlari\/\">Devam\u0131<\/a><\/p>\n","protected":false},"author":1,"featured_media":0,"parent":0,"menu_order":0,"comment_status":"closed","ping_status":"closed","template":"","meta":{"footnotes":""},"class_list":["post-137","page","type-page","status-publish","hentry"],"yoast_head":"<!-- This site is optimized with the Yoast SEO plugin v22.3 - https:\/\/yoast.com\/wordpress\/plugins\/seo\/ -->\n<title>Feniks Kargo \u00c7al\u0131\u015fma \u015eartlar\u0131<\/title>\n<meta name=\"description\" content=\"Feniks Kargo olarak 81 ile Kap\u0131da \u00f6demeli ,Tahsilatl\u0131 Kargo hizmeti veren \u015firketimiz i\u00e7in \u00c7al\u0131\u015fma \u015eartlar\u0131: G\u00fcnl\u00fck D\u00fczenli olarak Kap\u0131da \u00f6demeli Kargo \u00e7\u0131k\u0131\u015f\u0131 olmas\u0131Ayl\u0131k en az 200 ve \u00fczeri Kap\u0131da \u00f6demeli Kargo \u00e7\u0131k\u0131\u015f\u0131 olmas\u0131Kap\u0131da \u00f6demeli Kargolar\u0131n \u00c7\u0131k\u0131\u015f yeri \u0130STANBUL olmas\u0131Gri Kargo g\u00f6ndermemeleri &#039;&#039; yani Reklamda g\u00f6sterilen ile giden kargonun ayn\u0131 olmas\u0131&#039;&#039;S\u00f6zle\u015fme yapma ( Kimlik ,\u0130ban ,Adres ikametkah detay\u0131 )\" \/>\n<meta name=\"robots\" content=\"index, follow, max-snippet:-1, max-image-preview:large, max-video-preview:-1\" \/>\n<link rel=\"canonical\" href=\"https:\/\/www.fenikskargo.com\/index.php\/calisma-sartlari\/\" \/>\n<meta property=\"og:locale\" content=\"tr_TR\" \/>\n<meta property=\"og:type\" content=\"article\" \/>\n<meta property=\"og:title\" content=\"Feniks Kargo \u00c7al\u0131\u015fma \u015eartlar\u0131\" \/>\n<meta property=\"og:description\" content=\"Feniks Kargo olarak 81 ile Kap\u0131da \u00f6demeli ,Tahsilatl\u0131 Kargo hizmeti veren \u015firketimiz i\u00e7in \u00c7al\u0131\u015fma \u015eartlar\u0131: G\u00fcnl\u00fck D\u00fczenli olarak Kap\u0131da \u00f6demeli Kargo \u00e7\u0131k\u0131\u015f\u0131 olmas\u0131Ayl\u0131k en az 200 ve \u00fczeri Kap\u0131da \u00f6demeli Kargo \u00e7\u0131k\u0131\u015f\u0131 olmas\u0131Kap\u0131da \u00f6demeli Kargolar\u0131n \u00c7\u0131k\u0131\u015f yeri \u0130STANBUL olmas\u0131Gri Kargo g\u00f6ndermemeleri &#039;&#039; yani Reklamda g\u00f6sterilen ile giden kargonun ayn\u0131 olmas\u0131&#039;&#039;S\u00f6zle\u015fme yapma ( Kimlik ,\u0130ban ,Adres ikametkah detay\u0131 )\" \/>\n<meta property=\"og:url\" content=\"https:\/\/www.fenikskargo.com\/index.php\/calisma-sartlari\/\" \/>\n<meta property=\"og:site_name\" content=\"FEN\u0130KS KARGO\" \/>\n<meta property=\"article:modified_time\" content=\"2025-05-18T17:06:50+00:00\" \/>\n<meta property=\"og:image\" content=\"http:\/\/fenikskargo.com\/wp-content\/uploads\/2024\/03\/fenikskargo-anlasmasi.jpg\" \/>\n<meta name=\"twitter:card\" content=\"summary_large_image\" \/>\n<meta name=\"twitter:label1\" content=\"Tahmini okuma s\u00fcresi\" \/>\n\t<meta name=\"twitter:data1\" content=\"1 dakika\" \/>\n<script type=\"application\/ld+json\" class=\"yoast-schema-graph\">{\"@context\":\"https:\/\/schema.org\",\"@graph\":[{\"@type\":\"WebPage\",\"@id\":\"https:\/\/www.fenikskargo.com\/index.php\/calisma-sartlari\/\",\"url\":\"https:\/\/www.fenikskargo.com\/index.php\/calisma-sartlari\/\",\"name\":\"Feniks Kargo \u00c7al\u0131\u015fma \u015eartlar\u0131\",\"isPartOf\":{\"@id\":\"https:\/\/www.fenikskargo.com\/#website\"},\"primaryImageOfPage\":{\"@id\":\"https:\/\/www.fenikskargo.com\/index.php\/calisma-sartlari\/#primaryimage\"},\"image\":{\"@id\":\"https:\/\/www.fenikskargo.com\/index.php\/calisma-sartlari\/#primaryimage\"},\"thumbnailUrl\":\"http:\/\/fenikskargo.com\/wp-content\/uploads\/2024\/03\/fenikskargo-anlasmasi.jpg\",\"datePublished\":\"2024-03-27T09:02:26+00:00\",\"dateModified\":\"2025-05-18T17:06:50+00:00\",\"description\":\"Feniks Kargo olarak 81 ile Kap\u0131da \u00f6demeli ,Tahsilatl\u0131 Kargo hizmeti veren \u015firketimiz i\u00e7in \u00c7al\u0131\u015fma \u015eartlar\u0131: G\u00fcnl\u00fck D\u00fczenli olarak Kap\u0131da \u00f6demeli Kargo \u00e7\u0131k\u0131\u015f\u0131 olmas\u0131Ayl\u0131k en az 200 ve \u00fczeri Kap\u0131da \u00f6demeli Kargo \u00e7\u0131k\u0131\u015f\u0131 olmas\u0131Kap\u0131da \u00f6demeli Kargolar\u0131n \u00c7\u0131k\u0131\u015f yeri \u0130STANBUL olmas\u0131Gri Kargo g\u00f6ndermemeleri '' yani Reklamda g\u00f6sterilen ile giden kargonun ayn\u0131 olmas\u0131''S\u00f6zle\u015fme yapma ( Kimlik ,\u0130ban ,Adres ikametkah detay\u0131 )\",\"breadcrumb\":{\"@id\":\"https:\/\/www.fenikskargo.com\/index.php\/calisma-sartlari\/#breadcrumb\"},\"inLanguage\":\"tr\",\"potentialAction\":[{\"@type\":\"ReadAction\",\"target\":[\"https:\/\/www.fenikskargo.com\/index.php\/calisma-sartlari\/\"]}]},{\"@type\":\"ImageObject\",\"inLanguage\":\"tr\",\"@id\":\"https:\/\/www.fenikskargo.com\/index.php\/calisma-sartlari\/#primaryimage\",\"url\":\"http:\/\/www.fenikskargo.com\/wp-content\/uploads\/2024\/03\/fenikskargo-anlasmasi.jpg\",\"contentUrl\":\"http:\/\/www.fenikskargo.com\/wp-content\/uploads\/2024\/03\/fenikskargo-anlasmasi.jpg\",\"width\":612,\"height\":408,\"caption\":\"feniks kargo-cal\u0131sma sartlar\u0131\"},{\"@type\":\"BreadcrumbList\",\"@id\":\"https:\/\/www.fenikskargo.com\/index.php\/calisma-sartlari\/#breadcrumb\",\"itemListElement\":[{\"@type\":\"ListItem\",\"position\":1,\"name\":\"Anasayfa\",\"item\":\"https:\/\/www.fenikskargo.com\/\"},{\"@type\":\"ListItem\",\"position\":2,\"name\":\"M\u00fc\u015fterimiz Olun\"}]},{\"@type\":\"WebSite\",\"@id\":\"https:\/\/www.fenikskargo.com\/#website\",\"url\":\"https:\/\/www.fenikskargo.com\/\",\"name\":\"FEN\u0130KS KARGO\",\"description\":\"| Arac\u0131 Kargo \u015eirketi  : WhatsApp | (0540) 308 20 00 |\",\"publisher\":{\"@id\":\"https:\/\/www.fenikskargo.com\/#organization\"},\"alternateName\":\"https:\/\/www.fenikskargo.com\/\",\"potentialAction\":[{\"@type\":\"SearchAction\",\"target\":{\"@type\":\"EntryPoint\",\"urlTemplate\":\"https:\/\/www.fenikskargo.com\/?s={search_term_string}\"},\"query-input\":\"required name=search_term_string\"}],\"inLanguage\":\"tr\"},{\"@type\":\"Organization\",\"@id\":\"https:\/\/www.fenikskargo.com\/#organization\",\"name\":\"Feniks Kargo\",\"alternateName\":\"Feniks Arac\u0131 Kargo\",\"url\":\"https:\/\/www.fenikskargo.com\/\",\"logo\":{\"@type\":\"ImageObject\",\"inLanguage\":\"tr\",\"@id\":\"https:\/\/www.fenikskargo.com\/#\/schema\/logo\/image\/\",\"url\":\"http:\/\/www.fenikskargo.com\/wp-content\/uploads\/2024\/03\/Ve37pUqR_400x400.jpg\",\"contentUrl\":\"http:\/\/www.fenikskargo.com\/wp-content\/uploads\/2024\/03\/Ve37pUqR_400x400.jpg\",\"width\":130,\"height\":130,\"caption\":\"Feniks Kargo\"},\"image\":{\"@id\":\"https:\/\/www.fenikskargo.com\/#\/schema\/logo\/image\/\"}}]}<\/script>\n<!-- \/ Yoast SEO plugin. -->","yoast_head_json":{"title":"Feniks Kargo \u00c7al\u0131\u015fma \u015eartlar\u0131","description":"Feniks Kargo olarak 81 ile Kap\u0131da \u00f6demeli ,Tahsilatl\u0131 Kargo hizmeti veren \u015firketimiz i\u00e7in \u00c7al\u0131\u015fma \u015eartlar\u0131: G\u00fcnl\u00fck D\u00fczenli olarak Kap\u0131da \u00f6demeli Kargo \u00e7\u0131k\u0131\u015f\u0131 olmas\u0131Ayl\u0131k en az 200 ve \u00fczeri Kap\u0131da \u00f6demeli Kargo \u00e7\u0131k\u0131\u015f\u0131 olmas\u0131Kap\u0131da \u00f6demeli Kargolar\u0131n \u00c7\u0131k\u0131\u015f yeri \u0130STANBUL olmas\u0131Gri Kargo g\u00f6ndermemeleri '' yani Reklamda g\u00f6sterilen ile giden kargonun ayn\u0131 olmas\u0131''S\u00f6zle\u015fme yapma ( Kimlik ,\u0130ban ,Adres ikametkah detay\u0131 )","robots":{"index":"index","follow":"follow","max-snippet":"max-snippet:-1","max-image-preview":"max-image-preview:large","max-video-preview":"max-video-preview:-1"},"canonical":"https:\/\/www.fenikskargo.com\/index.php\/calisma-sartlari\/","og_locale":"tr_TR","og_type":"article","og_title":"Feniks Kargo \u00c7al\u0131\u015fma \u015eartlar\u0131","og_description":"Feniks Kargo olarak 81 ile Kap\u0131da \u00f6demeli ,Tahsilatl\u0131 Kargo hizmeti veren \u015firketimiz i\u00e7in \u00c7al\u0131\u015fma \u015eartlar\u0131: G\u00fcnl\u00fck D\u00fczenli olarak Kap\u0131da \u00f6demeli Kargo \u00e7\u0131k\u0131\u015f\u0131 olmas\u0131Ayl\u0131k en az 200 ve \u00fczeri Kap\u0131da \u00f6demeli Kargo \u00e7\u0131k\u0131\u015f\u0131 olmas\u0131Kap\u0131da \u00f6demeli Kargolar\u0131n \u00c7\u0131k\u0131\u015f yeri \u0130STANBUL olmas\u0131Gri Kargo g\u00f6ndermemeleri '' yani Reklamda g\u00f6sterilen ile giden kargonun ayn\u0131 olmas\u0131''S\u00f6zle\u015fme yapma ( Kimlik ,\u0130ban ,Adres ikametkah detay\u0131 )","og_url":"https:\/\/www.fenikskargo.com\/index.php\/calisma-sartlari\/","og_site_name":"FEN\u0130KS KARGO","article_modified_time":"2025-05-18T17:06:50+00:00","og_image":[{"url":"http:\/\/fenikskargo.com\/wp-content\/uploads\/2024\/03\/fenikskargo-anlasmasi.jpg"}],"twitter_card":"summary_large_image","twitter_misc":{"Tahmini okuma s\u00fcresi":"1 dakika"},"schema":{"@context":"https:\/\/schema.org","@graph":[{"@type":"WebPage","@id":"https:\/\/www.fenikskargo.com\/index.php\/calisma-sartlari\/","url":"https:\/\/www.fenikskargo.com\/index.php\/calisma-sartlari\/","name":"Feniks Kargo \u00c7al\u0131\u015fma \u015eartlar\u0131","isPartOf":{"@id":"https:\/\/www.fenikskargo.com\/#website"},"primaryImageOfPage":{"@id":"https:\/\/www.fenikskargo.com\/index.php\/calisma-sartlari\/#primaryimage"},"image":{"@id":"https:\/\/www.fenikskargo.com\/index.php\/calisma-sartlari\/#primaryimage"},"thumbnailUrl":"http:\/\/fenikskargo.com\/wp-content\/uploads\/2024\/03\/fenikskargo-anlasmasi.jpg","datePublished":"2024-03-27T09:02:26+00:00","dateModified":"2025-05-18T17:06:50+00:00","description":"Feniks Kargo olarak 81 ile Kap\u0131da \u00f6demeli ,Tahsilatl\u0131 Kargo hizmeti veren \u015firketimiz i\u00e7in \u00c7al\u0131\u015fma \u015eartlar\u0131: G\u00fcnl\u00fck D\u00fczenli olarak Kap\u0131da \u00f6demeli Kargo \u00e7\u0131k\u0131\u015f\u0131 olmas\u0131Ayl\u0131k en az 200 ve \u00fczeri Kap\u0131da \u00f6demeli Kargo \u00e7\u0131k\u0131\u015f\u0131 olmas\u0131Kap\u0131da \u00f6demeli Kargolar\u0131n \u00c7\u0131k\u0131\u015f yeri \u0130STANBUL olmas\u0131Gri Kargo g\u00f6ndermemeleri '' yani Reklamda g\u00f6sterilen ile giden kargonun ayn\u0131 olmas\u0131''S\u00f6zle\u015fme yapma ( Kimlik ,\u0130ban ,Adres ikametkah detay\u0131 )","breadcrumb":{"@id":"https:\/\/www.fenikskargo.com\/index.php\/calisma-sartlari\/#breadcrumb"},"inLanguage":"tr","potentialAction":[{"@type":"ReadAction","target":["https:\/\/www.fenikskargo.com\/index.php\/calisma-sartlari\/"]}]},{"@type":"ImageObject","inLanguage":"tr","@id":"https:\/\/www.fenikskargo.com\/index.php\/calisma-sartlari\/#primaryimage","url":"http:\/\/www.fenikskargo.com\/wp-content\/uploads\/2024\/03\/fenikskargo-anlasmasi.jpg","contentUrl":"http:\/\/www.fenikskargo.com\/wp-content\/uploads\/2024\/03\/fenikskargo-anlasmasi.jpg","width":612,"height":408,"caption":"feniks kargo-cal\u0131sma sartlar\u0131"},{"@type":"BreadcrumbList","@id":"https:\/\/www.fenikskargo.com\/index.php\/calisma-sartlari\/#breadcrumb","itemListElement":[{"@type":"ListItem","position":1,"name":"Anasayfa","item":"https:\/\/www.fenikskargo.com\/"},{"@type":"ListItem","position":2,"name":"M\u00fc\u015fterimiz Olun"}]},{"@type":"WebSite","@id":"https:\/\/www.fenikskargo.com\/#website","url":"https:\/\/www.fenikskargo.com\/","name":"FEN\u0130KS KARGO","description":"| Arac\u0131 Kargo \u015eirketi  : WhatsApp | (0540) 308 20 00 |","publisher":{"@id":"https:\/\/www.fenikskargo.com\/#organization"},"alternateName":"https:\/\/www.fenikskargo.com\/","potentialAction":[{"@type":"SearchAction","target":{"@type":"EntryPoint","urlTemplate":"https:\/\/www.fenikskargo.com\/?s={search_term_string}"},"query-input":"required name=search_term_string"}],"inLanguage":"tr"},{"@type":"Organization","@id":"https:\/\/www.fenikskargo.com\/#organization","name":"Feniks Kargo","alternateName":"Feniks Arac\u0131 Kargo","url":"https:\/\/www.fenikskargo.com\/","logo":{"@type":"ImageObject","inLanguage":"tr","@id":"https:\/\/www.fenikskargo.com\/#\/schema\/logo\/image\/","url":"http:\/\/www.fenikskargo.com\/wp-content\/uploads\/2024\/03\/Ve37pUqR_400x400.jpg","contentUrl":"http:\/\/www.fenikskargo.com\/wp-content\/uploads\/2024\/03\/Ve37pUqR_400x400.jpg","width":130,"height":130,"caption":"Feniks Kargo"},"image":{"@id":"https:\/\/www.fenikskargo.com\/#\/schema\/logo\/image\/"}}]}},"_links":{"self":[{"href":"http:\/\/www.fenikskargo.com\/index.php\/wp-json\/wp\/v2\/pages\/137","targetHints":{"allow":["GET"]}}],"collection":[{"href":"http:\/\/www.fenikskargo.com\/index.php\/wp-json\/wp\/v2\/pages"}],"about":[{"href":"http:\/\/www.fenikskargo.com\/index.php\/wp-json\/wp\/v2\/types\/page"}],"author":[{"embeddable":true,"href":"http:\/\/www.fenikskargo.com\/index.php\/wp-json\/wp\/v2\/users\/1"}],"replies":[{"embeddable":true,"href":"http:\/\/www.fenikskargo.com\/index.php\/wp-json\/wp\/v2\/comments?post=137"}],"version-history":[{"count":7,"href":"http:\/\/www.fenikskargo.com\/index.php\/wp-json\/wp\/v2\/pages\/137\/revisions"}],"predecessor-version":[{"id":782,"href":"http:\/\/www.fenikskargo.com\/index.php\/wp-json\/wp\/v2\/pages\/137\/revisions\/782"}],"wp:attachment":[{"href":"http:\/\/www.fenikskargo.com\/index.php\/wp-json\/wp\/v2\/media?parent=137"}],"curies":[{"name":"wp","href":"https:\/\/api.w.org\/{rel}","templated":true}]}}