{"id":2,"date":"2024-03-26T12:19:55","date_gmt":"2024-03-26T09:19:55","guid":{"rendered":"http:\/\/fenikskargo.com\/?page_id=2"},"modified":"2025-08-06T14:32:15","modified_gmt":"2025-08-06T11:32:15","slug":"ornek-sayfa","status":"publish","type":"page","link":"http:\/\/www.fenikskargo.com\/index.php\/ornek-sayfa\/","title":{"rendered":"\u0130leti\u015fim"},"content":{"rendered":"\n<p><img loading=\"lazy\" decoding=\"async\" width=\"150\" height=\"109\" class=\"wp-image-222\" style=\"width: 150px;\" src=\"http:\/\/fenikskargo.com\/wp-content\/uploads\/2024\/04\/feniks-kargo-logo.png\" alt=\"\" srcset=\"http:\/\/www.fenikskargo.com\/wp-content\/uploads\/2024\/04\/feniks-kargo-logo.png 582w, http:\/\/www.fenikskargo.com\/wp-content\/uploads\/2024\/04\/feniks-kargo-logo-300x218.png 300w\" sizes=\"auto, (max-width: 150px) 100vw, 150px\" \/>Feniks Kargo Adres : Emniyetevler Mahallesi \u00d6zcan Sokak 4 Levent \/ \u0130STANBUL<\/p>\n\n\n\n<p> Tel :WhatsApp: 0540 308 20 00<\/p>\n\n\n\n<p><\/p>\n","protected":false},"excerpt":{"rendered":"<p>Feniks Kargo Adres : Emniyetevler Mahallesi \u00d6zcan Sokak 4 Levent \/ \u0130STANBUL Tel :WhatsApp: 0540 308 20 00<\/p>\n","protected":false},"author":1,"featured_media":143,"parent":0,"menu_order":0,"comment_status":"closed","ping_status":"open","template":"","meta":{"footnotes":""},"class_list":["post-2","page","type-page","status-publish","has-post-thumbnail","hentry"],"yoast_head":"<!-- This site is optimized with the Yoast SEO plugin v22.3 - https:\/\/yoast.com\/wordpress\/plugins\/seo\/ -->\n<title>Feniks Kargo ileti\u015fim : 0540 308 2000<\/title>\n<meta name=\"description\" content=\"Feniks Kargo Adres : Emniyetevler Mahallesi \u00d6zcan Sokak 4 Levent \/ \u0130STANBUL Tel :WhatsApp: 0540 308 20 00\" \/>\n<meta name=\"robots\" content=\"index, follow, max-snippet:-1, max-image-preview:large, max-video-preview:-1\" \/>\n<link rel=\"canonical\" href=\"https:\/\/www.fenikskargo.com\/index.php\/ornek-sayfa\/\" \/>\n<meta property=\"og:locale\" content=\"tr_TR\" \/>\n<meta property=\"og:type\" content=\"article\" \/>\n<meta property=\"og:title\" content=\"Feniks Kargo ileti\u015fim : 0540 308 2000\" \/>\n<meta property=\"og:description\" content=\"Feniks Kargo Adres : Emniyetevler Mahallesi \u00d6zcan Sokak 4 Levent \/ \u0130STANBUL Tel :WhatsApp: 0540 308 20 00\" \/>\n<meta property=\"og:url\" content=\"https:\/\/www.fenikskargo.com\/index.php\/ornek-sayfa\/\" \/>\n<meta property=\"og:site_name\" content=\"FEN\u0130KS KARGO\" \/>\n<meta property=\"article:modified_time\" content=\"2025-08-06T11:32:15+00:00\" \/>\n<meta property=\"og:image\" content=\"https:\/\/www.fenikskargo.com\/wp-content\/uploads\/2024\/03\/feniks-kargo-firma-girisi.png\" \/>\n\t<meta property=\"og:image:width\" content=\"658\" \/>\n\t<meta property=\"og:image:height\" content=\"293\" \/>\n\t<meta property=\"og:image:type\" content=\"image\/png\" \/>\n<meta name=\"twitter:card\" content=\"summary_large_image\" \/>\n<meta name=\"twitter:label1\" content=\"Tahmini okuma s\u00fcresi\" \/>\n\t<meta name=\"twitter:data1\" content=\"1 dakika\" \/>\n<script type=\"application\/ld+json\" class=\"yoast-schema-graph\">{\"@context\":\"https:\/\/schema.org\",\"@graph\":[{\"@type\":\"WebPage\",\"@id\":\"https:\/\/www.fenikskargo.com\/index.php\/ornek-sayfa\/\",\"url\":\"https:\/\/www.fenikskargo.com\/index.php\/ornek-sayfa\/\",\"name\":\"Feniks Kargo ileti\u015fim : 0540 308 2000\",\"isPartOf\":{\"@id\":\"https:\/\/www.fenikskargo.com\/#website\"},\"primaryImageOfPage\":{\"@id\":\"https:\/\/www.fenikskargo.com\/index.php\/ornek-sayfa\/#primaryimage\"},\"image\":{\"@id\":\"https:\/\/www.fenikskargo.com\/index.php\/ornek-sayfa\/#primaryimage\"},\"thumbnailUrl\":\"http:\/\/www.fenikskargo.com\/wp-content\/uploads\/2024\/03\/feniks-kargo-firma-girisi.png\",\"datePublished\":\"2024-03-26T09:19:55+00:00\",\"dateModified\":\"2025-08-06T11:32:15+00:00\",\"description\":\"Feniks Kargo Adres : Emniyetevler Mahallesi \u00d6zcan Sokak 4 Levent \/ \u0130STANBUL Tel :WhatsApp: 0540 308 20 00\",\"breadcrumb\":{\"@id\":\"https:\/\/www.fenikskargo.com\/index.php\/ornek-sayfa\/#breadcrumb\"},\"inLanguage\":\"tr\",\"potentialAction\":[{\"@type\":\"ReadAction\",\"target\":[\"https:\/\/www.fenikskargo.com\/index.php\/ornek-sayfa\/\"]}]},{\"@type\":\"ImageObject\",\"inLanguage\":\"tr\",\"@id\":\"https:\/\/www.fenikskargo.com\/index.php\/ornek-sayfa\/#primaryimage\",\"url\":\"http:\/\/www.fenikskargo.com\/wp-content\/uploads\/2024\/03\/feniks-kargo-firma-girisi.png\",\"contentUrl\":\"http:\/\/www.fenikskargo.com\/wp-content\/uploads\/2024\/03\/feniks-kargo-firma-girisi.png\",\"width\":658,\"height\":293},{\"@type\":\"BreadcrumbList\",\"@id\":\"https:\/\/www.fenikskargo.com\/index.php\/ornek-sayfa\/#breadcrumb\",\"itemListElement\":[{\"@type\":\"ListItem\",\"position\":1,\"name\":\"Anasayfa\",\"item\":\"https:\/\/www.fenikskargo.com\/\"},{\"@type\":\"ListItem\",\"position\":2,\"name\":\"\u0130leti\u015fim\"}]},{\"@type\":\"WebSite\",\"@id\":\"https:\/\/www.fenikskargo.com\/#website\",\"url\":\"https:\/\/www.fenikskargo.com\/\",\"name\":\"FEN\u0130KS KARGO\",\"description\":\"| Arac\u0131 Kargo \u015eirketi  : WhatsApp | (0540) 308 20 00 |\",\"publisher\":{\"@id\":\"https:\/\/www.fenikskargo.com\/#organization\"},\"alternateName\":\"https:\/\/www.fenikskargo.com\/\",\"potentialAction\":[{\"@type\":\"SearchAction\",\"target\":{\"@type\":\"EntryPoint\",\"urlTemplate\":\"https:\/\/www.fenikskargo.com\/?s={search_term_string}\"},\"query-input\":\"required name=search_term_string\"}],\"inLanguage\":\"tr\"},{\"@type\":\"Organization\",\"@id\":\"https:\/\/www.fenikskargo.com\/#organization\",\"name\":\"Feniks Kargo\",\"alternateName\":\"Feniks Arac\u0131 Kargo\",\"url\":\"https:\/\/www.fenikskargo.com\/\",\"logo\":{\"@type\":\"ImageObject\",\"inLanguage\":\"tr\",\"@id\":\"https:\/\/www.fenikskargo.com\/#\/schema\/logo\/image\/\",\"url\":\"http:\/\/www.fenikskargo.com\/wp-content\/uploads\/2024\/03\/Ve37pUqR_400x400.jpg\",\"contentUrl\":\"http:\/\/www.fenikskargo.com\/wp-content\/uploads\/2024\/03\/Ve37pUqR_400x400.jpg\",\"width\":130,\"height\":130,\"caption\":\"Feniks Kargo\"},\"image\":{\"@id\":\"https:\/\/www.fenikskargo.com\/#\/schema\/logo\/image\/\"}}]}<\/script>\n<!-- \/ Yoast SEO plugin. -->","yoast_head_json":{"title":"Feniks Kargo ileti\u015fim : 0540 308 2000","description":"Feniks Kargo Adres : Emniyetevler Mahallesi \u00d6zcan Sokak 4 Levent \/ \u0130STANBUL Tel :WhatsApp: 0540 308 20 00","robots":{"index":"index","follow":"follow","max-snippet":"max-snippet:-1","max-image-preview":"max-image-preview:large","max-video-preview":"max-video-preview:-1"},"canonical":"https:\/\/www.fenikskargo.com\/index.php\/ornek-sayfa\/","og_locale":"tr_TR","og_type":"article","og_title":"Feniks Kargo ileti\u015fim : 0540 308 2000","og_description":"Feniks Kargo Adres : Emniyetevler Mahallesi \u00d6zcan Sokak 4 Levent \/ \u0130STANBUL Tel :WhatsApp: 0540 308 20 00","og_url":"https:\/\/www.fenikskargo.com\/index.php\/ornek-sayfa\/","og_site_name":"FEN\u0130KS KARGO","article_modified_time":"2025-08-06T11:32:15+00:00","og_image":[{"width":658,"height":293,"url":"https:\/\/www.fenikskargo.com\/wp-content\/uploads\/2024\/03\/feniks-kargo-firma-girisi.png","type":"image\/png"}],"twitter_card":"summary_large_image","twitter_misc":{"Tahmini okuma s\u00fcresi":"1 dakika"},"schema":{"@context":"https:\/\/schema.org","@graph":[{"@type":"WebPage","@id":"https:\/\/www.fenikskargo.com\/index.php\/ornek-sayfa\/","url":"https:\/\/www.fenikskargo.com\/index.php\/ornek-sayfa\/","name":"Feniks Kargo ileti\u015fim : 0540 308 2000","isPartOf":{"@id":"https:\/\/www.fenikskargo.com\/#website"},"primaryImageOfPage":{"@id":"https:\/\/www.fenikskargo.com\/index.php\/ornek-sayfa\/#primaryimage"},"image":{"@id":"https:\/\/www.fenikskargo.com\/index.php\/ornek-sayfa\/#primaryimage"},"thumbnailUrl":"http:\/\/www.fenikskargo.com\/wp-content\/uploads\/2024\/03\/feniks-kargo-firma-girisi.png","datePublished":"2024-03-26T09:19:55+00:00","dateModified":"2025-08-06T11:32:15+00:00","description":"Feniks Kargo Adres : Emniyetevler Mahallesi \u00d6zcan Sokak 4 Levent \/ \u0130STANBUL Tel :WhatsApp: 0540 308 20 00","breadcrumb":{"@id":"https:\/\/www.fenikskargo.com\/index.php\/ornek-sayfa\/#breadcrumb"},"inLanguage":"tr","potentialAction":[{"@type":"ReadAction","target":["https:\/\/www.fenikskargo.com\/index.php\/ornek-sayfa\/"]}]},{"@type":"ImageObject","inLanguage":"tr","@id":"https:\/\/www.fenikskargo.com\/index.php\/ornek-sayfa\/#primaryimage","url":"http:\/\/www.fenikskargo.com\/wp-content\/uploads\/2024\/03\/feniks-kargo-firma-girisi.png","contentUrl":"http:\/\/www.fenikskargo.com\/wp-content\/uploads\/2024\/03\/feniks-kargo-firma-girisi.png","width":658,"height":293},{"@type":"BreadcrumbList","@id":"https:\/\/www.fenikskargo.com\/index.php\/ornek-sayfa\/#breadcrumb","itemListElement":[{"@type":"ListItem","position":1,"name":"Anasayfa","item":"https:\/\/www.fenikskargo.com\/"},{"@type":"ListItem","position":2,"name":"\u0130leti\u015fim"}]},{"@type":"WebSite","@id":"https:\/\/www.fenikskargo.com\/#website","url":"https:\/\/www.fenikskargo.com\/","name":"FEN\u0130KS KARGO","description":"| Arac\u0131 Kargo \u015eirketi  : WhatsApp | (0540) 308 20 00 |","publisher":{"@id":"https:\/\/www.fenikskargo.com\/#organization"},"alternateName":"https:\/\/www.fenikskargo.com\/","potentialAction":[{"@type":"SearchAction","target":{"@type":"EntryPoint","urlTemplate":"https:\/\/www.fenikskargo.com\/?s={search_term_string}"},"query-input":"required name=search_term_string"}],"inLanguage":"tr"},{"@type":"Organization","@id":"https:\/\/www.fenikskargo.com\/#organization","name":"Feniks Kargo","alternateName":"Feniks Arac\u0131 Kargo","url":"https:\/\/www.fenikskargo.com\/","logo":{"@type":"ImageObject","inLanguage":"tr","@id":"https:\/\/www.fenikskargo.com\/#\/schema\/logo\/image\/","url":"http:\/\/www.fenikskargo.com\/wp-content\/uploads\/2024\/03\/Ve37pUqR_400x400.jpg","contentUrl":"http:\/\/www.fenikskargo.com\/wp-content\/uploads\/2024\/03\/Ve37pUqR_400x400.jpg","width":130,"height":130,"caption":"Feniks Kargo"},"image":{"@id":"https:\/\/www.fenikskargo.com\/#\/schema\/logo\/image\/"}}]}},"_links":{"self":[{"href":"http:\/\/www.fenikskargo.com\/index.php\/wp-json\/wp\/v2\/pages\/2","targetHints":{"allow":["GET"]}}],"collection":[{"href":"http:\/\/www.fenikskargo.com\/index.php\/wp-json\/wp\/v2\/pages"}],"about":[{"href":"http:\/\/www.fenikskargo.com\/index.php\/wp-json\/wp\/v2\/types\/page"}],"author":[{"embeddable":true,"href":"http:\/\/www.fenikskargo.com\/index.php\/wp-json\/wp\/v2\/users\/1"}],"replies":[{"embeddable":true,"href":"http:\/\/www.fenikskargo.com\/index.php\/wp-json\/wp\/v2\/comments?post=2"}],"version-history":[{"count":10,"href":"http:\/\/www.fenikskargo.com\/index.php\/wp-json\/wp\/v2\/pages\/2\/revisions"}],"predecessor-version":[{"id":777,"href":"http:\/\/www.fenikskargo.com\/index.php\/wp-json\/wp\/v2\/pages\/2\/revisions\/777"}],"wp:featuredmedia":[{"embeddable":true,"href":"http:\/\/www.fenikskargo.com\/index.php\/wp-json\/wp\/v2\/media\/143"}],"wp:attachment":[{"href":"http:\/\/www.fenikskargo.com\/index.php\/wp-json\/wp\/v2\/media?parent=2"}],"curies":[{"name":"wp","href":"https:\/\/api.w.org\/{rel}","templated":true}]}}