{"id":3,"date":"2024-03-26T12:19:55","date_gmt":"2024-03-26T09:19:55","guid":{"rendered":"http:\/\/fenikskargo.com\/?page_id=3"},"modified":"2026-01-30T00:12:41","modified_gmt":"2026-01-29T21:12:41","slug":"gizlilik-ilkesi","status":"publish","type":"page","link":"http:\/\/www.fenikskargo.com\/index.php\/gizlilik-ilkesi\/","title":{"rendered":"KARGO S\u00d6ZLE\u015eMES\u0130"},"content":{"rendered":"\n<p><strong><u>KARGO TA\u015eIMA S<\/u><\/strong><strong><u>\u00d6ZLE\u015eMES\u0130<\/u><\/strong><\/p>\n\n\n\n<p>Bir tarafta Feniks  Kargo Yurti\u00e7i Yurtd\u0131\u015f\u0131 Ta\u015f\u0131mac\u0131l\u0131k A.\u015e (K\u0131saca \u201c<strong>Ta\u015f\u0131y\u0131c\u0131<\/strong>\u201d)\u2026<a href=\"https:\/\/fenikskargo.com\/\">FEN\u0130KS KARGO<\/a> ile di\u011fer \u00a0\u201c<strong>Ta\u015f\u0131t\u0131c\u0131<\/strong>\u2026\u2026\u2026\u2026\u2026\u2026\u2026\u2026\u2026\u2026\u2026\u2026\u2026\u2026\u2026.\u00a0\u00a0\u00a0\u00a0 \u00a0aras\u0131nda, a\u015fa\u011f\u0131da yaz\u0131l\u0131 h\u00fck\u00fcm ve \u015fartlarla bir Ta\u015f\u0131ma S\u00f6zle\u015fmesi (k\u0131saca \u201c<strong>S\u00f6zle\u015fme<\/strong>\u201d) imzalanm\u0131\u015ft\u0131r.<\/p>\n\n\n\n<p><strong>Ta\u015f\u0131y\u0131c\u0131<\/strong> ve <strong>Ta\u015f\u0131t\u0131c\u0131<\/strong><strong>, <\/strong>birlikte <strong>\u201cTaraflar\u201d<\/strong> olarak an\u0131lacakt\u0131r<\/p>\n\n\n\n<ul class=\"wp-block-list\">\n<li><strong><u>Taraflar<\/u><\/strong><\/li>\n<\/ul>\n\n\n\n<p><strong><u>Ta\u015f\u0131y\u0131c\u0131<\/u><\/strong><\/p>\n\n\n\n<p><strong><a href=\"https:\/\/fenikskargo.com\/\">Feniks Kargo  Yurti\u00e7i Yurtd\u0131\u015f\u0131 Ta\u015f\u015f\u0131mac\u0131l\u0131k A.\u015e<\/a><\/strong><\/p>\n\n\n\n<p> Ka\u011f\u0131thane \/ \u0130STANBUL<\/p>\n\n\n\n<p><strong><u>Ta\u015f\u0131t\u0131c\u0131&nbsp;&nbsp;&nbsp;&nbsp;&nbsp;&nbsp;&nbsp; <\/u><\/strong>:<strong> <\/strong>&nbsp;&nbsp;&nbsp;&nbsp;&nbsp;&nbsp;&nbsp;<\/p>\n\n\n\n<p><strong>Cari Ad\u0131&nbsp;&nbsp;&nbsp;&nbsp;&nbsp;&nbsp; :<\/strong> &nbsp;<strong><\/strong><\/p>\n\n\n\n<p><strong>\u0130\u015f<\/strong> <strong>Adresi&nbsp;&nbsp;&nbsp;&nbsp;&nbsp; :<\/strong><\/p>\n\n\n\n<p><strong>Vergi Dairesi&nbsp;&nbsp; :&nbsp;&nbsp;&nbsp;&nbsp;&nbsp;&nbsp;&nbsp;&nbsp;&nbsp;&nbsp;&nbsp; Vergi Numaras\u0131:&nbsp;&nbsp;&nbsp;&nbsp;&nbsp;&nbsp;&nbsp;&nbsp;&nbsp;&nbsp; Tc Kimlik No:<\/strong><\/p>\n\n\n\n<ul class=\"wp-block-list\">\n<li><strong><u>S\u00f6zle\u015fme\u2019nin Konusu<\/u><\/strong><\/li>\n\n\n\n<li><strong>Ta\u015f\u0131y\u0131c\u0131\u2019<\/strong>n\u0131n<strong>, S<\/strong><strong>\u00f6zle\u015fme<\/strong> ve eklerinde yer alan h\u00fck\u00fcm ve \u015fartlarla<strong> Ta\u015f\u0131t\u0131c\u0131<\/strong>\u2019in, T\u00fcrkiye genelindeki kargo ve Posta Hizmetleri Kanunu kapsam\u0131nda yer alan, posta tekeline girmeyen posta ve dosya g\u00f6nderilerini, toplama, da\u011f\u0131t\u0131m ve teslimat i\u015flerinin organizasyonu ile esaslar\u0131n\u0131n d\u00fczenlenmesidir.<\/li>\n\n\n\n<li><strong><u>S\u00f6zle\u015fme\u2019nin S<\/u><\/strong><strong><u>\u00fcresi<\/u><\/strong><\/li>\n\n\n\n<li>S\u00f6zle\u015fme, 6 ayl\u0131k &nbsp;s\u00fcre ile imzalanm\u0131\u015f olup, imza tarihinde y\u00fcr\u00fcrl\u00fc\u011fe girecektir. S\u00f6zle\u015fme\u2019 de d\u00fczenlenen sair sona erme halleri sakl\u0131 kalmak kayd\u0131yla s\u00fcrenin sona ermesinden 30 (otuz) g\u00fcn \u00f6nce Taraflar\u2019 dan herhangi biri yaz\u0131l\u0131 olarak S\u00f6zle\u015fme\u2019 yi fesh etti\u011fini kar\u015f\u0131 tarafa bildirmedi\u011fi takdirde, S\u00f6zle\u015fme 6 ay s\u00fcre ile kendili\u011finden yenilenmi\u015f say\u0131lacakt\u0131r. Ayn\u0131 h\u00fck\u00fcm m\u00fcteakip y\u0131llar i\u00e7in de ge\u00e7erlidir. Taraflar 30 g\u00fcn \u00f6nceden yaz\u0131l\u0131 olarak bildirmek kayd\u0131 ile her zaman s\u00f6zle\u015fmeyi tek tarafl\u0131 fesih etme hakk\u0131na sahiptir. Fiyat de\u011fi\u015fim zaman\u0131 Her Y\u0131l\u0131n Haziran ve Aral\u0131k Aylar\u0131nda yap\u0131lmaktad\u0131r<\/li>\n<\/ul>\n\n\n\n<p><strong><u>.Ta\u015f\u0131t\u0131c\u0131\u2019in Sorumluluklar\u0131<\/u><\/strong><\/p>\n\n\n\n<ul class=\"wp-block-list\">\n<li><strong>Ta\u015f\u0131t\u0131c\u0131, Ta\u015f\u0131y\u0131c\u0131\u2019 <\/strong>ya teslim edece\u011fi g\u00f6nderilerin al\u0131c\u0131s\u0131na ait&nbsp; ad- soyad varsa&nbsp; ticaret unvan\u0131 , vergi numaras\u0131 ve a\u00e7\u0131k adresleri, telefon numaralar\u0131n\u0131 tam ve do\u011fru olarak vermekle y\u00fck\u00fcml\u00fcd\u00fcr. Eksik ve yanl\u0131\u015f adres bildirimlerinden do\u011fan teslim zaman\u0131nda gecikme ve di\u011fer eksikliklerden <strong>Ta\u015f\u0131y\u0131c<\/strong>\u0131 sorumlu tutulamaz. (<strong>Ta\u015f\u0131t\u0131c\u0131<\/strong>\u2019in K.K.T.C.\u2019ne yap\u0131lan ta\u015f\u0131malar\u0131nda, K.K.T.C \u00f6zel ta\u015f\u0131ma fiyat listesi ve G\u00fcmr\u00fck Mevzuat\u0131 ge\u00e7erli olup, her t\u00fcrl\u00fc sorumluluk al\u0131c\u0131ya ve\/veya<strong> Ta\u015f\u0131t\u0131c\u0131<\/strong>\u2019e&nbsp; aittir.<\/li>\n<\/ul>\n\n\n\n<ul class=\"wp-block-list\">\n<li><strong>Ta\u015f\u0131t\u0131c\u0131, <\/strong>kargo ambalaj\u0131n\u0131n, ta\u015f\u0131ma standartlar\u0131n\u0131n gerektirdi\u011fi \u00f6l\u00e7\u00fc ve sa\u011flaml\u0131kta olmas\u0131n\u0131 sa\u011flamak; Ta\u015f\u0131nacak kargolar\u0131,<strong> Ta\u015f\u0131y\u0131c\u0131\u2019<\/strong>yaorijinal ambalaj\u0131nda, e\u011fer m\u00fcmk\u00fcn de\u011fil ise, evsaf\u0131na ve ta\u015f\u0131nma ko\u015fullar\u0131na uygun sa\u011flaml\u0131ktaki di\u011fer ambalaj \u015fekillerinde teslim etmekle y\u00fck\u00fcml\u00fcd\u00fcr.&nbsp;&nbsp; G\u00fcvenli bir ta\u015f\u0131mac\u0131l\u0131k i\u00e7in yeterli sa\u011flaml\u0131kta ambalajlanmayan ve bu sebeple hasar g\u00f6rme ihtimali bulunan g\u00f6nderilerin <strong>Ta\u015f\u0131y\u0131c\u0131<\/strong> taraf\u0131ndan ta\u015f\u0131nabilmesi i\u00e7in, <strong>Ta\u015f\u0131t\u0131c\u0131<\/strong>,&nbsp; bu kargolar\u0131n olas\u0131 hasar\u0131 durumunda <strong>Ta\u015f\u0131y\u0131c\u0131<\/strong>\u2019y\u0131 sorumlu tutmayaca\u011f\u0131n\u0131, sorumlulu\u011fun bizzat kendisine ait oldu\u011funu belirten, \u201cSorumluluk Belgesi\u201d d\u00fczenlemek ve <strong>Ta\u015f\u0131y\u0131c\u0131<\/strong>\u2019 ya teslim etmekle y\u00fck\u00fcml\u00fcd\u00fcr<\/li>\n<\/ul>\n\n\n\n<ul class=\"wp-block-list\">\n<li>Ta\u015f\u0131man\u0131n t\u00fcm evrelerinde ger\u00e7ekle\u015ftirilebilecek vergi ve di\u011fer mali denetimlerde ticari emtia olup da irsaliyesi bulunmayan veya eksik belge nedeniyle el konulan kargolara ili\u015fkin sorumluluk <strong>Ta\u015f\u0131t\u0131c\u0131<\/strong>\u2019 ya aittir<\/li>\n\n\n\n<li><strong><u>Ta\u015f\u0131nmas\u0131&nbsp; Yasak&nbsp; ya da Yasalarca S\u0131n\u0131rland\u0131r\u0131lm\u0131\u015f Kargolar<\/u><\/strong><\/li>\n\n\n\n<li>Kanunlar ve \u0130dari mercilerce ta\u015f\u0131nmas\u0131 yasaklanm\u0131\u015f, ruhsata ve izne ba\u011fl\u0131 olup da belgeleri ibraz edilmemi\u015f, \u00f6zel ta\u015f\u0131ma ko\u015fullar\u0131 gerektiren ve bu hususunun bilinen i\u015faretlerle tespiti gereken, mahiyeti icab\u0131 \u00f6zel ambalaj gerektirdi\u011fi halde, yeterli ambalaj yap\u0131lmam\u0131\u015f olan, so\u011fuk zincir ta\u015f\u0131ma yap\u0131lmas\u0131 gereken, \u00e7abuk bozulabilen, k\u00f6t\u00fc ve a\u011f\u0131r koku yayan, yan\u0131c\u0131 ve aktif \u00f6zellikler g\u00f6steren e\u015fya i\u00e7eren kargolar ta\u015f\u0131nmaz. <strong>Ta\u015f\u0131t\u0131c\u0131<\/strong>, i\u00e7eri\u011fi, bu madde de say\u0131lan kargolar\u0131, niteli\u011fi hakk\u0131nda <strong>Ta\u015f\u0131y\u0131c\u0131\u2019 <\/strong>ya bildirimde bulunmadan ya da niteli\u011fi ile ilgili ger\u00e7e\u011fe ayk\u0131r\u0131, yanl\u0131\u015f ve eksik bildirim ile teslim etmesi halinde, <strong>Ta\u015f\u0131y\u0131c\u0131<\/strong>\u2019n\u0131n ve bu kargo sebebiyle zarar g\u00f6ren \u00fc\u00e7\u00fcnc\u00fc \u015fah\u0131slar\u0131n zararlar\u0131n\u0131 ve giderlerini tazminle y\u00fck\u00fcml\u00fcd\u00fcr. Bu kargolar\u0131n sebebiyet verdi\u011fi her t\u00fcrl\u00fc hukuki ve cezai sorumluluk <strong>Ta\u015f\u0131t\u0131c\u0131<\/strong>\u2019ya aittir.<\/li>\n\n\n\n<li><strong><u>Tanzimler<\/u><\/strong><\/li>\n<\/ul>\n\n\n\n<p>Kargolar\u0131n Zarar g\u00f6rmesi; K\u0131r\u0131lma ,Bozulma ,Kay\u0131p ,Ziyan ,\u00c7al\u0131nt\u0131 gibi durumlarda Ta\u015f\u0131t\u0131c\u0131n\u0131n Tanzim Ba\u015flatabilmesi i\u00e7in esas Kural o \u00fcr\u00fcne ve o tarihe ait Fatura ve irsaliye ibraz etme zorunlulu vard\u0131r. Ta\u015f\u0131t\u0131c\u0131 bunu ibraz etti\u011fi takdirde Kargo firmalar\u0131 ile ileti\u015fime ge\u00e7ilip tanzim ba\u015flat\u0131l\u0131r,Kargo \u015firketinden \u00e7\u0131kan Tanzim sonucu Ta\u015f\u0131y\u0131c\u0131y\u0131 ba\u011flamaz.\u00dcr\u00fcne ait Fatura ve irsaliye ibraz edememe durumda Ta\u015f\u0131t\u0131c\u0131 Ta\u015f\u0131t\u0131c\u0131dan her hangi bir zarar ziyan \u00fccreti talep edemez.<\/p>\n\n\n\n<ul class=\"wp-block-list\">\n<li><strong><u>\u00d6deme ve Tahsilat<\/u><\/strong><\/li>\n\n\n\n<li>Kargo \u00fccretleri \u00d6demeler, Yap\u0131lan tahsilatlardan otomatik kesilir ,kalan tutar Ta\u015f\u0131t\u0131c\u0131n\u0131n hesab\u0131na g\u00f6nderilir.<\/li>\n<\/ul>\n\n\n\n<p><strong>Taraflar<\/strong>, S\u00f6zle\u015fme\u2019de yer alan t\u00fcm hususlar\u0131 basiretli bir tacir s\u0131fat\u0131yla hukuki yard\u0131m da almak suretiyle inceledi\u011fini, i\u00e7eri\u011fini anlad\u0131\u011f\u0131n\u0131 ve bu ko\u015fullar alt\u0131nda tam bir mutabakat sa\u011flanarak,&nbsp;&nbsp;&nbsp;&nbsp;&nbsp; &nbsp;\/ &nbsp;&nbsp;&nbsp;&nbsp;\/ 2024 tarihinde 2 as\u0131l n\u00fcsha olarak imzalad\u0131klar\u0131n\u0131 kabul ve beyan etmi\u015ftir .<\/p>\n\n\n\n<p><strong>&nbsp;Ta\u015f\u0131y\u0131c\u0131 : <\/strong><a href=\"https:\/\/fenikskargo.com\/\">FEN\u0130KS KARGO<\/a> &nbsp;&nbsp;&nbsp;&nbsp;&nbsp;&nbsp;&nbsp;&nbsp;&nbsp;&nbsp;&nbsp; &nbsp;&nbsp; &nbsp;&nbsp;&nbsp;&nbsp;&nbsp;&nbsp;&nbsp;&nbsp;&nbsp;&nbsp;&nbsp;&nbsp;&nbsp;&nbsp;&nbsp;&nbsp;&nbsp;&nbsp;&nbsp;&nbsp;&nbsp;&nbsp;&nbsp;&nbsp;&nbsp;&nbsp;&nbsp;&nbsp;&nbsp;&nbsp;&nbsp;&nbsp;&nbsp;&nbsp;&nbsp;&nbsp;&nbsp;&nbsp;&nbsp;&nbsp;&nbsp;&nbsp;&nbsp;&nbsp;&nbsp;&nbsp;&nbsp;&nbsp;&nbsp;&nbsp;&nbsp;&nbsp;&nbsp;      <strong>Ta\u015f\u0131t\u0131c\u0131&nbsp;&nbsp; : &nbsp;<\/strong><\/p>\n\n\n\n<p><\/p>\n\n\n\n<h2 class=\"wp-block-heading\"><\/h2>\n\n\n\n<p><\/p>\n\n\n\n<h2 class=\"wp-block-heading\"><\/h2>\n\n\n\n<p><\/p>\n\n\n\n<h2 class=\"wp-block-heading\"><\/h2>\n","protected":false},"excerpt":{"rendered":"<p>KARGO TA\u015eIMA S\u00d6ZLE\u015eMES\u0130 Bir tarafta Feniks Kargo Yurti\u00e7i Yurtd\u0131\u015f\u0131 Ta\u015f\u0131mac\u0131l\u0131k A.\u015e (K\u0131saca \u201cTa\u015f\u0131y\u0131c\u0131\u201d)\u2026FEN\u0130KS KARGO ile di\u011fer \u00a0\u201cTa\u015f\u0131t\u0131c\u0131\u2026\u2026\u2026\u2026\u2026\u2026\u2026\u2026\u2026\u2026\u2026\u2026\u2026\u2026\u2026.\u00a0\u00a0\u00a0\u00a0 \u00a0aras\u0131nda, a\u015fa\u011f\u0131da yaz\u0131l\u0131 h\u00fck\u00fcm ve \u015fartlarla bir Ta\u015f\u0131ma S\u00f6zle\u015fmesi (k\u0131saca \u201cS\u00f6zle\u015fme\u201d) imzalanm\u0131\u015ft\u0131r. Ta\u015f\u0131y\u0131c\u0131 ve Ta\u015f\u0131t\u0131c\u0131, birlikte \u201cTaraflar\u201d olarak an\u0131lacakt\u0131r Ta\u015f\u0131y\u0131c\u0131 Feniks Kargo Yurti\u00e7i Yurtd\u0131\u015f\u0131 Ta\u015f\u015f\u0131mac\u0131l\u0131k A.\u015e Ka\u011f\u0131thane \/ \u0130STANBUL Ta\u015f\u0131t\u0131c\u0131&nbsp;&nbsp;&nbsp;&nbsp;&nbsp;&nbsp;&nbsp; : &nbsp;&nbsp;&nbsp;&nbsp;&nbsp;&nbsp;&nbsp; Cari Ad\u0131&nbsp;&nbsp;&nbsp;&nbsp;&nbsp;&nbsp; : &nbsp; \u0130\u015f Adresi&nbsp;&nbsp;&nbsp;&nbsp;&nbsp;&hellip; <br \/> <a class=\"read-more\" href=\"http:\/\/www.fenikskargo.com\/index.php\/gizlilik-ilkesi\/\">Devam\u0131<\/a><\/p>\n","protected":false},"author":1,"featured_media":0,"parent":0,"menu_order":0,"comment_status":"closed","ping_status":"open","template":"","meta":{"footnotes":""},"class_list":["post-3","page","type-page","status-publish","hentry"],"yoast_head":"<!-- This site is optimized with the Yoast SEO plugin v22.3 - https:\/\/yoast.com\/wordpress\/plugins\/seo\/ -->\n<title>Arac\u0131 Kargo Kargo S\u00f6zle\u015fmesi<\/title>\n<meta name=\"description\" content=\"Bir tarafta Feniks Kargo Yurti\u00e7i Yurtd\u0131\u015f\u0131 Ta\u015f\u0131mac\u0131l\u0131k A.\u015e (K\u0131saca \u201cTa\u015f\u0131y\u0131c\u0131\u201d)\u2026FEN\u0130KS KARGO ile di\u011fer \u00a0\u201cTa\u015f\u0131t\u0131c\u0131\u2026\u2026\u2026\u2026\u2026\u2026\u2026\u2026\u2026\u2026\u2026\u2026\u2026\u2026\u2026.\u00a0\u00a0\u00a0\u00a0 \u00a0aras\u0131nda, a\u015fa\u011f\u0131da yaz\u0131l\u0131 h\u00fck\u00fcm ve \u015fartlarla bir Ta\u015f\u0131ma S\u00f6zle\u015fmesi (k\u0131saca \u201cS\u00f6zle\u015fme\u201d) imzalanm\u0131\u015ft\u0131r.\" \/>\n<meta name=\"robots\" content=\"index, follow, max-snippet:-1, max-image-preview:large, max-video-preview:-1\" \/>\n<link rel=\"canonical\" href=\"https:\/\/www.fenikskargo.com\/index.php\/gizlilik-ilkesi\/\" \/>\n<meta property=\"og:locale\" content=\"tr_TR\" \/>\n<meta property=\"og:type\" content=\"article\" \/>\n<meta property=\"og:title\" content=\"Arac\u0131 Kargo Kargo S\u00f6zle\u015fmesi\" \/>\n<meta property=\"og:description\" content=\"Bir tarafta Feniks Kargo Yurti\u00e7i Yurtd\u0131\u015f\u0131 Ta\u015f\u0131mac\u0131l\u0131k A.\u015e (K\u0131saca \u201cTa\u015f\u0131y\u0131c\u0131\u201d)\u2026FEN\u0130KS KARGO ile di\u011fer \u00a0\u201cTa\u015f\u0131t\u0131c\u0131\u2026\u2026\u2026\u2026\u2026\u2026\u2026\u2026\u2026\u2026\u2026\u2026\u2026\u2026\u2026.\u00a0\u00a0\u00a0\u00a0 \u00a0aras\u0131nda, a\u015fa\u011f\u0131da yaz\u0131l\u0131 h\u00fck\u00fcm ve \u015fartlarla bir Ta\u015f\u0131ma S\u00f6zle\u015fmesi (k\u0131saca \u201cS\u00f6zle\u015fme\u201d) imzalanm\u0131\u015ft\u0131r.\" \/>\n<meta property=\"og:url\" content=\"https:\/\/www.fenikskargo.com\/index.php\/gizlilik-ilkesi\/\" \/>\n<meta property=\"og:site_name\" content=\"FEN\u0130KS KARGO\" \/>\n<meta property=\"article:modified_time\" content=\"2026-01-29T21:12:41+00:00\" \/>\n<meta property=\"og:image\" content=\"http:\/\/www.fenikskargo.com\/wp-content\/uploads\/2025\/02\/Ve37pUqR_400x400.jpg\" \/>\n\t<meta property=\"og:image:width\" content=\"130\" \/>\n\t<meta property=\"og:image:height\" content=\"130\" \/>\n\t<meta property=\"og:image:type\" content=\"image\/jpeg\" \/>\n<meta name=\"twitter:card\" content=\"summary_large_image\" \/>\n<meta name=\"twitter:label1\" content=\"Tahmini okuma s\u00fcresi\" \/>\n\t<meta name=\"twitter:data1\" content=\"4 dakika\" \/>\n<script type=\"application\/ld+json\" class=\"yoast-schema-graph\">{\"@context\":\"https:\/\/schema.org\",\"@graph\":[{\"@type\":\"WebPage\",\"@id\":\"https:\/\/www.fenikskargo.com\/index.php\/gizlilik-ilkesi\/\",\"url\":\"https:\/\/www.fenikskargo.com\/index.php\/gizlilik-ilkesi\/\",\"name\":\"Arac\u0131 Kargo Kargo S\u00f6zle\u015fmesi\",\"isPartOf\":{\"@id\":\"https:\/\/www.fenikskargo.com\/#website\"},\"datePublished\":\"2024-03-26T09:19:55+00:00\",\"dateModified\":\"2026-01-29T21:12:41+00:00\",\"description\":\"Bir tarafta Feniks Kargo Yurti\u00e7i Yurtd\u0131\u015f\u0131 Ta\u015f\u0131mac\u0131l\u0131k A.\u015e (K\u0131saca \u201cTa\u015f\u0131y\u0131c\u0131\u201d)\u2026FEN\u0130KS KARGO ile di\u011fer \u00a0\u201cTa\u015f\u0131t\u0131c\u0131\u2026\u2026\u2026\u2026\u2026\u2026\u2026\u2026\u2026\u2026\u2026\u2026\u2026\u2026\u2026.\u00a0\u00a0\u00a0\u00a0 \u00a0aras\u0131nda, a\u015fa\u011f\u0131da yaz\u0131l\u0131 h\u00fck\u00fcm ve \u015fartlarla bir Ta\u015f\u0131ma S\u00f6zle\u015fmesi (k\u0131saca \u201cS\u00f6zle\u015fme\u201d) imzalanm\u0131\u015ft\u0131r.\",\"breadcrumb\":{\"@id\":\"https:\/\/www.fenikskargo.com\/index.php\/gizlilik-ilkesi\/#breadcrumb\"},\"inLanguage\":\"tr\",\"potentialAction\":[{\"@type\":\"ReadAction\",\"target\":[\"https:\/\/www.fenikskargo.com\/index.php\/gizlilik-ilkesi\/\"]}]},{\"@type\":\"BreadcrumbList\",\"@id\":\"https:\/\/www.fenikskargo.com\/index.php\/gizlilik-ilkesi\/#breadcrumb\",\"itemListElement\":[{\"@type\":\"ListItem\",\"position\":1,\"name\":\"Anasayfa\",\"item\":\"https:\/\/www.fenikskargo.com\/\"},{\"@type\":\"ListItem\",\"position\":2,\"name\":\"KARGO S\u00d6ZLE\u015eMES\u0130\"}]},{\"@type\":\"WebSite\",\"@id\":\"https:\/\/www.fenikskargo.com\/#website\",\"url\":\"https:\/\/www.fenikskargo.com\/\",\"name\":\"FEN\u0130KS KARGO\",\"description\":\"| Arac\u0131 Kargo \u015eirketi  : WhatsApp | (0540) 308 20 00 |\",\"publisher\":{\"@id\":\"https:\/\/www.fenikskargo.com\/#organization\"},\"alternateName\":\"https:\/\/www.fenikskargo.com\/\",\"potentialAction\":[{\"@type\":\"SearchAction\",\"target\":{\"@type\":\"EntryPoint\",\"urlTemplate\":\"https:\/\/www.fenikskargo.com\/?s={search_term_string}\"},\"query-input\":\"required name=search_term_string\"}],\"inLanguage\":\"tr\"},{\"@type\":\"Organization\",\"@id\":\"https:\/\/www.fenikskargo.com\/#organization\",\"name\":\"Feniks Kargo\",\"alternateName\":\"Feniks Arac\u0131 Kargo\",\"url\":\"https:\/\/www.fenikskargo.com\/\",\"logo\":{\"@type\":\"ImageObject\",\"inLanguage\":\"tr\",\"@id\":\"https:\/\/www.fenikskargo.com\/#\/schema\/logo\/image\/\",\"url\":\"http:\/\/www.fenikskargo.com\/wp-content\/uploads\/2024\/03\/Ve37pUqR_400x400.jpg\",\"contentUrl\":\"http:\/\/www.fenikskargo.com\/wp-content\/uploads\/2024\/03\/Ve37pUqR_400x400.jpg\",\"width\":130,\"height\":130,\"caption\":\"Feniks Kargo\"},\"image\":{\"@id\":\"https:\/\/www.fenikskargo.com\/#\/schema\/logo\/image\/\"}}]}<\/script>\n<!-- \/ Yoast SEO plugin. -->","yoast_head_json":{"title":"Arac\u0131 Kargo Kargo S\u00f6zle\u015fmesi","description":"Bir tarafta Feniks Kargo Yurti\u00e7i Yurtd\u0131\u015f\u0131 Ta\u015f\u0131mac\u0131l\u0131k A.\u015e (K\u0131saca \u201cTa\u015f\u0131y\u0131c\u0131\u201d)\u2026FEN\u0130KS KARGO ile di\u011fer \u00a0\u201cTa\u015f\u0131t\u0131c\u0131\u2026\u2026\u2026\u2026\u2026\u2026\u2026\u2026\u2026\u2026\u2026\u2026\u2026\u2026\u2026.\u00a0\u00a0\u00a0\u00a0 \u00a0aras\u0131nda, a\u015fa\u011f\u0131da yaz\u0131l\u0131 h\u00fck\u00fcm ve \u015fartlarla bir Ta\u015f\u0131ma S\u00f6zle\u015fmesi (k\u0131saca \u201cS\u00f6zle\u015fme\u201d) imzalanm\u0131\u015ft\u0131r.","robots":{"index":"index","follow":"follow","max-snippet":"max-snippet:-1","max-image-preview":"max-image-preview:large","max-video-preview":"max-video-preview:-1"},"canonical":"https:\/\/www.fenikskargo.com\/index.php\/gizlilik-ilkesi\/","og_locale":"tr_TR","og_type":"article","og_title":"Arac\u0131 Kargo Kargo S\u00f6zle\u015fmesi","og_description":"Bir tarafta Feniks Kargo Yurti\u00e7i Yurtd\u0131\u015f\u0131 Ta\u015f\u0131mac\u0131l\u0131k A.\u015e (K\u0131saca \u201cTa\u015f\u0131y\u0131c\u0131\u201d)\u2026FEN\u0130KS KARGO ile di\u011fer \u00a0\u201cTa\u015f\u0131t\u0131c\u0131\u2026\u2026\u2026\u2026\u2026\u2026\u2026\u2026\u2026\u2026\u2026\u2026\u2026\u2026\u2026.\u00a0\u00a0\u00a0\u00a0 \u00a0aras\u0131nda, a\u015fa\u011f\u0131da yaz\u0131l\u0131 h\u00fck\u00fcm ve \u015fartlarla bir Ta\u015f\u0131ma S\u00f6zle\u015fmesi (k\u0131saca \u201cS\u00f6zle\u015fme\u201d) imzalanm\u0131\u015ft\u0131r.","og_url":"https:\/\/www.fenikskargo.com\/index.php\/gizlilik-ilkesi\/","og_site_name":"FEN\u0130KS KARGO","article_modified_time":"2026-01-29T21:12:41+00:00","og_image":[{"width":130,"height":130,"url":"http:\/\/www.fenikskargo.com\/wp-content\/uploads\/2025\/02\/Ve37pUqR_400x400.jpg","type":"image\/jpeg"}],"twitter_card":"summary_large_image","twitter_misc":{"Tahmini okuma s\u00fcresi":"4 dakika"},"schema":{"@context":"https:\/\/schema.org","@graph":[{"@type":"WebPage","@id":"https:\/\/www.fenikskargo.com\/index.php\/gizlilik-ilkesi\/","url":"https:\/\/www.fenikskargo.com\/index.php\/gizlilik-ilkesi\/","name":"Arac\u0131 Kargo Kargo S\u00f6zle\u015fmesi","isPartOf":{"@id":"https:\/\/www.fenikskargo.com\/#website"},"datePublished":"2024-03-26T09:19:55+00:00","dateModified":"2026-01-29T21:12:41+00:00","description":"Bir tarafta Feniks Kargo Yurti\u00e7i Yurtd\u0131\u015f\u0131 Ta\u015f\u0131mac\u0131l\u0131k A.\u015e (K\u0131saca \u201cTa\u015f\u0131y\u0131c\u0131\u201d)\u2026FEN\u0130KS KARGO ile di\u011fer \u00a0\u201cTa\u015f\u0131t\u0131c\u0131\u2026\u2026\u2026\u2026\u2026\u2026\u2026\u2026\u2026\u2026\u2026\u2026\u2026\u2026\u2026.\u00a0\u00a0\u00a0\u00a0 \u00a0aras\u0131nda, a\u015fa\u011f\u0131da yaz\u0131l\u0131 h\u00fck\u00fcm ve \u015fartlarla bir Ta\u015f\u0131ma S\u00f6zle\u015fmesi (k\u0131saca \u201cS\u00f6zle\u015fme\u201d) imzalanm\u0131\u015ft\u0131r.","breadcrumb":{"@id":"https:\/\/www.fenikskargo.com\/index.php\/gizlilik-ilkesi\/#breadcrumb"},"inLanguage":"tr","potentialAction":[{"@type":"ReadAction","target":["https:\/\/www.fenikskargo.com\/index.php\/gizlilik-ilkesi\/"]}]},{"@type":"BreadcrumbList","@id":"https:\/\/www.fenikskargo.com\/index.php\/gizlilik-ilkesi\/#breadcrumb","itemListElement":[{"@type":"ListItem","position":1,"name":"Anasayfa","item":"https:\/\/www.fenikskargo.com\/"},{"@type":"ListItem","position":2,"name":"KARGO S\u00d6ZLE\u015eMES\u0130"}]},{"@type":"WebSite","@id":"https:\/\/www.fenikskargo.com\/#website","url":"https:\/\/www.fenikskargo.com\/","name":"FEN\u0130KS KARGO","description":"| Arac\u0131 Kargo \u015eirketi  : WhatsApp | (0540) 308 20 00 |","publisher":{"@id":"https:\/\/www.fenikskargo.com\/#organization"},"alternateName":"https:\/\/www.fenikskargo.com\/","potentialAction":[{"@type":"SearchAction","target":{"@type":"EntryPoint","urlTemplate":"https:\/\/www.fenikskargo.com\/?s={search_term_string}"},"query-input":"required name=search_term_string"}],"inLanguage":"tr"},{"@type":"Organization","@id":"https:\/\/www.fenikskargo.com\/#organization","name":"Feniks Kargo","alternateName":"Feniks Arac\u0131 Kargo","url":"https:\/\/www.fenikskargo.com\/","logo":{"@type":"ImageObject","inLanguage":"tr","@id":"https:\/\/www.fenikskargo.com\/#\/schema\/logo\/image\/","url":"http:\/\/www.fenikskargo.com\/wp-content\/uploads\/2024\/03\/Ve37pUqR_400x400.jpg","contentUrl":"http:\/\/www.fenikskargo.com\/wp-content\/uploads\/2024\/03\/Ve37pUqR_400x400.jpg","width":130,"height":130,"caption":"Feniks Kargo"},"image":{"@id":"https:\/\/www.fenikskargo.com\/#\/schema\/logo\/image\/"}}]}},"_links":{"self":[{"href":"http:\/\/www.fenikskargo.com\/index.php\/wp-json\/wp\/v2\/pages\/3","targetHints":{"allow":["GET"]}}],"collection":[{"href":"http:\/\/www.fenikskargo.com\/index.php\/wp-json\/wp\/v2\/pages"}],"about":[{"href":"http:\/\/www.fenikskargo.com\/index.php\/wp-json\/wp\/v2\/types\/page"}],"author":[{"embeddable":true,"href":"http:\/\/www.fenikskargo.com\/index.php\/wp-json\/wp\/v2\/users\/1"}],"replies":[{"embeddable":true,"href":"http:\/\/www.fenikskargo.com\/index.php\/wp-json\/wp\/v2\/comments?post=3"}],"version-history":[{"count":3,"href":"http:\/\/www.fenikskargo.com\/index.php\/wp-json\/wp\/v2\/pages\/3\/revisions"}],"predecessor-version":[{"id":1016,"href":"http:\/\/www.fenikskargo.com\/index.php\/wp-json\/wp\/v2\/pages\/3\/revisions\/1016"}],"wp:attachment":[{"href":"http:\/\/www.fenikskargo.com\/index.php\/wp-json\/wp\/v2\/media?parent=3"}],"curies":[{"name":"wp","href":"https:\/\/api.w.org\/{rel}","templated":true}]}}